{"id":2315,"date":"2024-03-18T15:23:15","date_gmt":"2024-03-18T15:23:15","guid":{"rendered":"https:\/\/mbptest64.fr\/?page_id=2315"},"modified":"2024-05-15T10:10:18","modified_gmt":"2024-05-15T08:10:18","slug":"restauration-pour-les-professionnels","status":"publish","type":"page","link":"https:\/\/parcaquasports.fr\/en\/restauration-pour-les-professionnels\/","title":{"rendered":"Restoration"},"content":{"rendered":"<p><div class=\"fusion-fullwidth fullwidth-box fusion-builder-row-1 fusion-flex-container nonhundred-percent-fullwidth non-hundred-percent-height-scrolling\" style=\"--awb-border-radius-top-left:0px;--awb-border-radius-top-right:0px;--awb-border-radius-bottom-right:0px;--awb-border-radius-bottom-left:0px;--awb-flex-wrap:wrap;\" ><div class=\"fusion-builder-row fusion-row fusion-flex-align-items-flex-start fusion-flex-content-wrap\" style=\"max-width:1414.4px;margin-left: calc(-4% \/ 2 );margin-right: calc(-4% \/ 2 );\"><div class=\"fusion-layout-column fusion_builder_column fusion-builder-column-0 fusion_builder_column_1_1 1_1 fusion-flex-column\" style=\"--awb-bg-size:cover;--awb-width-large:100%;--awb-margin-top-large:30px;--awb-spacing-right-large:1.92%;--awb-margin-bottom-large:0px;--awb-spacing-left-large:1.92%;--awb-width-medium:100%;--awb-order-medium:0;--awb-spacing-right-medium:1.92%;--awb-margin-bottom-medium:60px;--awb-spacing-left-medium:1.92%;--awb-width-small:100%;--awb-order-small:0;--awb-spacing-right-small:1.92%;--awb-spacing-left-small:1.92%;\"><div class=\"fusion-column-wrapper fusion-column-has-shadow fusion-flex-justify-content-flex-start fusion-content-layout-column\"><div class=\"fusion-title title fusion-title-1 fusion-sep-none fusion-title-center fusion-title-highlight fusion-animate-once fusion-highlight-underline fusion-title-size-one\" style=\"--awb-text-color:var(--awb-color8);--awb-highlight-color:hsla(var(--awb-color5-h),calc(var(--awb-color5-s) + 100%),calc(var(--awb-color5-l) + 56%),var(--awb-color5-a));--awb-highlight-width:7;--awb-margin-top:30px;--awb-margin-bottom:40px;--awb-margin-top-small:10px;--awb-margin-right-small:0px;--awb-margin-bottom-small:10px;--awb-margin-left-small:0px;--awb-font-size:42px;\" data-highlight=\"underline\"><h1 class=\"fusion-title-heading title-heading-center fusion-responsive-typography-calculated\" style=\"margin:0;text-transform:none;font-size:1em;--fontSize:42;line-height:var(--awb-typography1-line-height);\"><span class=\"fusion-highlighted-text-prefix\"><\/span> <span class=\"fusion-highlighted-text-wrapper\"><span class=\"fusion-highlighted-text\">Restauration au Parc Aquasports de Pau<\/span><svg xmlns=\"http:\/\/www.w3.org\/2000\/svg\" viewBox=\"0 0 500 150\" preserveAspectRatio=\"none\"><path d=\"M8.1,146.2c0,0,240.6-55.6,479-13.8\"><\/path><\/svg><\/span> <span class=\"fusion-highlighted-text-postfix\"><\/span><\/h1><\/div><div class=\"fusion-image-element \" style=\"text-align:center;--awb-caption-title-font-family:var(--h2_typography-font-family);--awb-caption-title-font-weight:var(--h2_typography-font-weight);--awb-caption-title-font-style:var(--h2_typography-font-style);--awb-caption-title-size:var(--h2_typography-font-size);--awb-caption-title-transform:var(--h2_typography-text-transform);--awb-caption-title-line-height:var(--h2_typography-line-height);--awb-caption-title-letter-spacing:var(--h2_typography-letter-spacing);\"><span class=\" fusion-imageframe imageframe-none imageframe-1 hover-type-none\" style=\"border-radius:10px;\"><img decoding=\"async\" width=\"225\" height=\"225\" alt=\"logo aygo\" title=\"logo aygo\" src=\"https:\/\/parcaquasports.fr\/wp-content\/uploads\/2024\/03\/logo-aygo.png\" class=\"img-responsive wp-image-2091\" srcset=\"https:\/\/parcaquasports.fr\/wp-content\/uploads\/2024\/03\/logo-aygo-200x200.png 200w, https:\/\/parcaquasports.fr\/wp-content\/uploads\/2024\/03\/logo-aygo.png 225w\" sizes=\"(max-width: 800px) 100vw, 225px\" \/><\/span><\/div><div class=\"fusion-title title fusion-title-2 fusion-sep-none fusion-title-center fusion-title-text fusion-title-size-two\" style=\"--awb-margin-top:40px;--awb-margin-top-small:10px;--awb-margin-right-small:0px;--awb-margin-bottom-small:10px;--awb-margin-left-small:0px;--awb-font-size:26px;\"><h2 class=\"fusion-title-heading title-heading-center fusion-responsive-typography-calculated\" style=\"font-family:&quot;Archivo&quot;;font-style:normal;font-weight:500;margin:0;text-transform:none;font-size:1em;--fontSize:26;--minFontSize:26;line-height:var(--awb-typography1-line-height);\">D\u00e9couvrez l&rsquo;Aygo : le restaurant sur l&rsquo;eau !<\/h2><\/div><div class=\"fusion-text fusion-text-1\" style=\"--awb-margin-top:30px;\"><p style=\"text-align: center;\">Avec une vue panoramique sur le bassin d\u2019eaux vives du Parc Aquasports, le ma\u00eetre restaurateur Marc Lain\u00e9 vous propose une cuisine locale enti\u00e8rement<br \/>\n\u00ab fait maison \u00bb. Le Parc Aquasports et le l\u2019Aygo restaurant travaillent ensemble pour faciliter vos journ\u00e9es s\u00e9minaires (Activit\u00e9s, Travaille en salle, et pause caf\u00e9). Toutes les demandes pour les prestations restaurations se font directement aupr\u00e8s du restaurant Aygo.<br \/>\n( 05 59 71 97 72\/ aygo.maitrerestaurateur@gmail.com )<\/p>\n<\/div><div style=\"text-align:center;\"><a class=\"fusion-button button-flat fusion-button-default-size button-default fusion-button-default button-1 fusion-button-default-span fusion-button-default-type\" style=\"--button_text_transform:none;--button_margin-bottom:25px;\" target=\"_blank\" rel=\"noopener noreferrer\" href=\"https:\/\/restaurant-aygo.fr\/\"><i class=\"fa-external-link-alt fas awb-button__icon awb-button__icon--default button-icon-left\" aria-hidden=\"true\"><\/i><span class=\"fusion-button-text awb-button__text awb-button__text--default\">Acc\u00e9der \u00e0 leur site internet<\/span><\/a><\/div><div class=\"fusion-title title fusion-title-3 fusion-sep-none fusion-title-center fusion-title-text fusion-title-size-two\" style=\"--awb-margin-top:40px;--awb-margin-top-small:10px;--awb-margin-right-small:0px;--awb-margin-bottom-small:10px;--awb-margin-left-small:0px;--awb-font-size:26px;\"><h2 class=\"fusion-title-heading title-heading-center fusion-responsive-typography-calculated\" style=\"font-family:&quot;Archivo&quot;;font-style:normal;font-weight:500;margin:0;text-transform:none;font-size:1em;--fontSize:26;--minFontSize:26;line-height:var(--awb-typography1-line-height);\">Quelques photos du restaurant&#8230;<\/h2><\/div><div class=\"fusion-image-carousel fusion-image-carousel-fixed fusion-image-carousel-1 lightbox-enabled fusion-carousel-border\"><div class=\"awb-carousel awb-swiper awb-swiper-carousel awb-carousel--carousel awb-swiper-dots-position-bottom\" data-layout=\"carousel\" data-autoplay=\"no\" data-autoplayspeed=\"2500\" data-autoplaypause=\"no\" data-columns=\"3\" data-columnsmedium=\"1\" data-columnssmall=\"1\" data-itemmargin=\"13\" data-itemwidth=\"180\" data-touchscroll=\"no\" data-freemode=\"no\" data-imagesize=\"fixed\" data-scrollitems=\"0\" data-centeredslides=\"no\" data-rotationangle=\"50\" data-depth=\"100\" data-speed=\"500\" data-shadow=\"no\" data-pagination=\"bullets\" style=\"--awb-columns:3;--awb-border-width:1px;--awb-border-color:#e9eaee;\"><div class=\"swiper-wrapper awb-image-carousel-wrapper fusion-flex-align-items-center\"><div class=\"swiper-slide\"><div class=\"fusion-carousel-item-wrapper\"><div class=\"fusion-image-wrapper hover-type-none\"><a data-rel=\"iLightbox[image_carousel_1]\" data-caption=\"\" href=\"https:\/\/parcaquasports.fr\/wp-content\/uploads\/2024\/03\/aygo-photo-1.jpg\" target=\"_self\"><\/a><\/div><\/div><\/div><div class=\"swiper-slide\"><div class=\"fusion-carousel-item-wrapper\"><div class=\"fusion-image-wrapper hover-type-none\"><a data-rel=\"iLightbox[image_carousel_1]\" data-caption=\"\" href=\"https:\/\/parcaquasports.fr\/wp-content\/uploads\/2024\/03\/aygo-photo-2.jpg\" target=\"_self\"><\/a><\/div><\/div><\/div><div class=\"swiper-slide\"><div class=\"fusion-carousel-item-wrapper\"><div class=\"fusion-image-wrapper hover-type-none\"><a data-rel=\"iLightbox[image_carousel_1]\" data-caption=\"\" href=\"https:\/\/parcaquasports.fr\/wp-content\/uploads\/2024\/03\/aygo-terrasse.jpg\" target=\"_self\"><\/a><\/div><\/div><\/div><div class=\"swiper-slide\"><div class=\"fusion-carousel-item-wrapper\"><div class=\"fusion-image-wrapper hover-type-none\"><a data-rel=\"iLightbox[image_carousel_1]\" data-caption=\"\" href=\"https:\/\/parcaquasports.fr\/wp-content\/uploads\/2024\/03\/aygo-vue-sur-bassin.jpg\" target=\"_self\"><\/a><\/div><\/div><\/div><\/div><div class=\"awb-swiper-button awb-swiper-button-prev\"><i class=\"awb-icon-angle-left\" aria-hidden=\"true\"><\/i><\/div><div class=\"awb-swiper-button awb-swiper-button-next\"><i class=\"awb-icon-angle-right\" aria-hidden=\"true\"><\/i><\/div><\/div><\/div><\/div><\/div><\/div><\/div><div class=\"fusion-fullwidth fullwidth-box fusion-builder-row-2 fusion-flex-container has-pattern-background has-mask-background nonhundred-percent-fullwidth non-hundred-percent-height-scrolling\" style=\"--awb-border-radius-top-left:0px;--awb-border-radius-top-right:0px;--awb-border-radius-bottom-right:0px;--awb-border-radius-bottom-left:0px;--awb-margin-top:35px;--awb-margin-bottom:100px;--awb-flex-wrap:wrap;\" ><div class=\"fusion-builder-row fusion-row fusion-flex-align-items-flex-start fusion-flex-content-wrap\" style=\"max-width:1414.4px;margin-left: calc(-4% \/ 2 );margin-right: calc(-4% \/ 2 );\"><div class=\"fusion-layout-column fusion_builder_column fusion-builder-column-1 fusion_builder_column_1_2 1_2 fusion-flex-column fusion-flex-align-self-stretch\" style=\"--awb-padding-top:60px;--awb-padding-right:40px;--awb-padding-bottom:80px;--awb-padding-left:40px;--awb-overflow:hidden;--awb-bg-image:url(&#039;https:\/\/parcaquasports.fr\/wp-content\/uploads\/2024\/03\/activites-grandpublic.jpg&#039;);--awb-bg-position:center top;--awb-bg-size:cover;--awb-border-radius:12px 12px 0px 0px;--awb-width-large:50%;--awb-margin-top-large:0px;--awb-spacing-right-large:3.84%;--awb-margin-bottom-large:20px;--awb-spacing-left-large:3.84%;--awb-width-medium:50%;--awb-order-medium:0;--awb-spacing-right-medium:3.84%;--awb-spacing-left-medium:3.84%;--awb-width-small:100%;--awb-order-small:0;--awb-spacing-right-small:1.92%;--awb-spacing-left-small:1.92%;\"><div class=\"fusion-column-wrapper fusion-column-has-shadow fusion-flex-justify-content-flex-start fusion-content-layout-column fusion-column-has-bg-image\" data-bg-url=\"https:\/\/parcaquasports.fr\/wp-content\/uploads\/2024\/03\/activites-grandpublic.jpg\"><div class=\"fusion-title title fusion-title-4 fusion-sep-none fusion-title-center fusion-title-text fusion-title-size-three\" style=\"--awb-text-color:var(--awb-color1);--awb-margin-top-small:10px;--awb-margin-right-small:0px;--awb-margin-bottom-small:10px;--awb-margin-left-small:0px;--awb-font-size:30px;\"><h3 class=\"fusion-title-heading title-heading-center fusion-responsive-typography-calculated\" style=\"margin:0;text-transform:none;font-size:1em;--fontSize:30;line-height:1.4;\">A voir \u00e9galement<\/h3><\/div><div class=\"fusion-image-element \" style=\"text-align:center;--awb-margin-bottom:20px;--awb-max-width:180px;--awb-caption-title-font-family:var(--h2_typography-font-family);--awb-caption-title-font-weight:var(--h2_typography-font-weight);--awb-caption-title-font-style:var(--h2_typography-font-style);--awb-caption-title-size:var(--h2_typography-font-size);--awb-caption-title-transform:var(--h2_typography-text-transform);--awb-caption-title-line-height:var(--h2_typography-line-height);--awb-caption-title-letter-spacing:var(--h2_typography-letter-spacing);\"><span class=\" fusion-imageframe imageframe-none imageframe-2 hover-type-none\"><img decoding=\"async\" width=\"308\" height=\"32\" alt=\"line divider\" title=\"line divider\" src=\"https:\/\/parcaquasports.fr\/wp-content\/uploads\/2022\/11\/line-divider.png\" class=\"img-responsive wp-image-1887\"\/><\/span><\/div><div class=\"fusion-title title fusion-title-5 fusion-sep-none fusion-title-center fusion-title-text fusion-title-size-four\" style=\"--awb-text-color:var(--awb-color1);--awb-margin-top-small:10px;--awb-margin-right-small:0px;--awb-margin-bottom-small:10px;--awb-margin-left-small:0px;--awb-font-size:48px;\"><h4 class=\"fusion-title-heading title-heading-center fusion-responsive-typography-calculated\" style=\"margin:0;text-transform:none;font-size:1em;--fontSize:48;line-height:1.6;\">Les activit\u00e9s<\/h4><\/div><div style=\"text-align:center;\"><a class=\"fusion-button button-flat fusion-button-default-size button-custom fusion-button-default button-2 fusion-button-default-span fusion-button-default-type\" style=\"--button_accent_color:var(--awb-color1);--button_border_color:hsla(calc(var(--awb-color4-h) + 46),var(--awb-color4-s),calc(var(--awb-color4-l) - 18%),var(--awb-color4-a));--button_accent_hover_color:var(--awb-color1);--button_border_hover_color:var(--awb-color1);--button_border_width-top:2px;--button_border_width-right:2px;--button_border_width-bottom:2px;--button_border_width-left:2px;--button_gradient_top_color:hsla(calc(var(--awb-color4-h) + 46),var(--awb-color4-s),calc(var(--awb-color4-l) - 18%),var(--awb-color4-a));--button_gradient_bottom_color:hsla(calc(var(--awb-color4-h) + 46),var(--awb-color4-s),calc(var(--awb-color4-l) - 18%),var(--awb-color4-a));--button_gradient_top_color_hover:var(--awb-color4);--button_gradient_bottom_color_hover:var(--awb-color4);--button_text_transform:var(--awb-typography3-text-transform);--button_font_size:var(--awb-typography3-font-size);--button_line_height:var(--awb-typography3-line-height);--button_padding-top:20px;--button_padding-right:35px;--button_padding-bottom:20px;--button_padding-left:35px;--button_typography-letter-spacing:var(--awb-typography3-letter-spacing);--button_typography-font-family:var(--awb-typography3-font-family);--button_typography-font-weight:var(--awb-typography3-font-weight);--button_typography-font-style:var(--awb-typography3-font-style);--button_margin-top:10px;\" target=\"_self\" href=\"https:\/\/parcaquasports.fr\/des-activites-pour-les-professionnels\/\"><span class=\"fusion-button-text awb-button__text awb-button__text--default\">D\u00e9couvrir<\/span><i class=\"fa-arrow-alt-circle-right far awb-button__icon awb-button__icon--default button-icon-right\" aria-hidden=\"true\"><\/i><\/a><\/div><\/div><\/div><div class=\"fusion-layout-column fusion_builder_column fusion-builder-column-2 fusion_builder_column_1_2 1_2 fusion-flex-column fusion-flex-align-self-stretch\" style=\"--awb-padding-top:60px;--awb-padding-right:40px;--awb-padding-bottom:80px;--awb-padding-left:40px;--awb-overflow:hidden;--awb-bg-image:url(&#039;https:\/\/parcaquasports.fr\/wp-content\/uploads\/2024\/03\/locations-de-salle-au-parc-aquasports.jpg&#039;);--awb-bg-position:center top;--awb-bg-size:cover;--awb-border-radius:12px 12px 0px 0px;--awb-width-large:50%;--awb-margin-top-large:0px;--awb-spacing-right-large:3.84%;--awb-margin-bottom-large:20px;--awb-spacing-left-large:3.84%;--awb-width-medium:50%;--awb-order-medium:0;--awb-spacing-right-medium:3.84%;--awb-spacing-left-medium:3.84%;--awb-width-small:100%;--awb-order-small:0;--awb-spacing-right-small:1.92%;--awb-spacing-left-small:1.92%;\"><div class=\"fusion-column-wrapper fusion-column-has-shadow fusion-flex-justify-content-flex-start fusion-content-layout-column fusion-column-has-bg-image\" data-bg-url=\"https:\/\/parcaquasports.fr\/wp-content\/uploads\/2024\/03\/locations-de-salle-au-parc-aquasports.jpg\"><div class=\"fusion-title title fusion-title-6 fusion-sep-none fusion-title-center fusion-title-text fusion-title-size-three\" style=\"--awb-text-color:var(--awb-color1);--awb-margin-top-small:10px;--awb-margin-right-small:0px;--awb-margin-bottom-small:10px;--awb-margin-left-small:0px;--awb-font-size:30px;\"><h3 class=\"fusion-title-heading title-heading-center fusion-responsive-typography-calculated\" style=\"margin:0;text-transform:none;font-size:1em;--fontSize:30;line-height:1.4;\">A voir \u00e9galement<\/h3><\/div><div class=\"fusion-image-element \" style=\"text-align:center;--awb-margin-bottom:20px;--awb-max-width:180px;--awb-caption-title-font-family:var(--h2_typography-font-family);--awb-caption-title-font-weight:var(--h2_typography-font-weight);--awb-caption-title-font-style:var(--h2_typography-font-style);--awb-caption-title-size:var(--h2_typography-font-size);--awb-caption-title-transform:var(--h2_typography-text-transform);--awb-caption-title-line-height:var(--h2_typography-line-height);--awb-caption-title-letter-spacing:var(--h2_typography-letter-spacing);\"><span class=\" fusion-imageframe imageframe-none imageframe-3 hover-type-none\"><img decoding=\"async\" width=\"308\" height=\"32\" alt=\"line divider\" title=\"line divider\" src=\"https:\/\/parcaquasports.fr\/wp-content\/uploads\/2022\/11\/line-divider.png\" class=\"img-responsive wp-image-1887\"\/><\/span><\/div><div class=\"fusion-title title fusion-title-7 fusion-sep-none fusion-title-center fusion-title-text fusion-title-size-four\" style=\"--awb-text-color:var(--awb-color1);--awb-margin-top-small:10px;--awb-margin-right-small:0px;--awb-margin-bottom-small:10px;--awb-margin-left-small:0px;--awb-font-size:48px;\"><h4 class=\"fusion-title-heading title-heading-center fusion-responsive-typography-calculated\" style=\"margin:0;text-transform:none;font-size:1em;--fontSize:48;line-height:1.6;\">Location de salle<\/h4><\/div><div style=\"text-align:center;\"><a class=\"fusion-button button-flat fusion-button-default-size button-custom fusion-button-default button-3 fusion-button-default-span fusion-button-default-type\" style=\"--button_accent_color:var(--awb-color1);--button_border_color:hsla(calc(var(--awb-color4-h) + 46),var(--awb-color4-s),calc(var(--awb-color4-l) - 18%),var(--awb-color4-a));--button_accent_hover_color:var(--awb-color1);--button_border_hover_color:var(--awb-color1);--button_border_width-top:2px;--button_border_width-right:2px;--button_border_width-bottom:2px;--button_border_width-left:2px;--button_gradient_top_color:hsla(calc(var(--awb-color4-h) + 46),var(--awb-color4-s),calc(var(--awb-color4-l) - 18%),var(--awb-color4-a));--button_gradient_bottom_color:hsla(calc(var(--awb-color4-h) + 46),var(--awb-color4-s),calc(var(--awb-color4-l) - 18%),var(--awb-color4-a));--button_gradient_top_color_hover:var(--awb-color4);--button_gradient_bottom_color_hover:var(--awb-color4);--button_text_transform:var(--awb-typography3-text-transform);--button_font_size:var(--awb-typography3-font-size);--button_line_height:var(--awb-typography3-line-height);--button_padding-top:20px;--button_padding-right:35px;--button_padding-bottom:20px;--button_padding-left:35px;--button_typography-letter-spacing:var(--awb-typography3-letter-spacing);--button_typography-font-family:var(--awb-typography3-font-family);--button_typography-font-weight:var(--awb-typography3-font-weight);--button_typography-font-style:var(--awb-typography3-font-style);--button_margin-top:10px;\" target=\"_self\" href=\"https:\/\/parcaquasports.fr\/location-de-salle-au-parcaquasports\/\"><span class=\"fusion-button-text awb-button__text awb-button__text--default\">D\u00e9couvrir<\/span><i class=\"fa-arrow-alt-circle-right far awb-button__icon awb-button__icon--default button-icon-right\" aria-hidden=\"true\"><\/i><\/a><\/div><\/div><\/div><\/div><\/div><\/p>\n","protected":false},"excerpt":{"rendered":"","protected":false},"author":2,"featured_media":0,"parent":0,"menu_order":26,"comment_status":"closed","ping_status":"closed","template":"100-width.php","meta":{"_seopress_robots_primary_cat":"","_seopress_titles_title":"","_seopress_titles_desc":"","_seopress_robots_index":"","footnotes":""},"class_list":["post-2315","page","type-page","status-publish","hentry"],"_links":{"self":[{"href":"https:\/\/parcaquasports.fr\/en\/wp-json\/wp\/v2\/pages\/2315","targetHints":{"allow":["GET"]}}],"collection":[{"href":"https:\/\/parcaquasports.fr\/en\/wp-json\/wp\/v2\/pages"}],"about":[{"href":"https:\/\/parcaquasports.fr\/en\/wp-json\/wp\/v2\/types\/page"}],"author":[{"embeddable":true,"href":"https:\/\/parcaquasports.fr\/en\/wp-json\/wp\/v2\/users\/2"}],"replies":[{"embeddable":true,"href":"https:\/\/parcaquasports.fr\/en\/wp-json\/wp\/v2\/comments?post=2315"}],"version-history":[{"count":0,"href":"https:\/\/parcaquasports.fr\/en\/wp-json\/wp\/v2\/pages\/2315\/revisions"}],"wp:attachment":[{"href":"https:\/\/parcaquasports.fr\/en\/wp-json\/wp\/v2\/media?parent=2315"}],"curies":[{"name":"wp","href":"https:\/\/api.w.org\/{rel}","templated":true}]}}