{"id":2345,"date":"2024-03-19T09:27:26","date_gmt":"2024-03-19T09:27:26","guid":{"rendered":"https:\/\/mbptest64.fr\/?page_id=2345"},"modified":"2025-03-19T10:27:05","modified_gmt":"2025-03-19T09:27:05","slug":"tous-les-tarifs-du-parc-aquasports-stade-deaux-vives-pau-bearn-pyrenees","status":"publish","type":"page","link":"https:\/\/parcaquasports.fr\/en\/tous-les-tarifs-du-parc-aquasports-stade-deaux-vives-pau-bearn-pyrenees\/","title":{"rendered":"Nos tarifs 2025"},"content":{"rendered":"<div class=\"fusion-fullwidth fullwidth-box fusion-builder-row-1 fusion-flex-container nonhundred-percent-fullwidth non-hundred-percent-height-scrolling\" style=\"--awb-border-radius-top-left:0px;--awb-border-radius-top-right:0px;--awb-border-radius-bottom-right:0px;--awb-border-radius-bottom-left:0px;--awb-flex-wrap:wrap;\" ><div class=\"fusion-builder-row fusion-row fusion-flex-align-items-flex-start fusion-flex-content-wrap\" style=\"max-width:1414.4px;margin-left: calc(-4% \/ 2 );margin-right: calc(-4% \/ 2 );\"><div class=\"fusion-layout-column fusion_builder_column fusion-builder-column-0 fusion_builder_column_1_1 1_1 fusion-flex-column\" style=\"--awb-bg-size:cover;--awb-width-large:100%;--awb-margin-top-large:0px;--awb-spacing-right-large:1.92%;--awb-margin-bottom-large:0px;--awb-spacing-left-large:1.92%;--awb-width-medium:100%;--awb-order-medium:0;--awb-spacing-right-medium:1.92%;--awb-margin-bottom-medium:60px;--awb-spacing-left-medium:1.92%;--awb-width-small:100%;--awb-order-small:0;--awb-spacing-right-small:1.92%;--awb-spacing-left-small:1.92%;\"><div class=\"fusion-column-wrapper fusion-column-has-shadow fusion-flex-justify-content-flex-start fusion-content-layout-column\"><div class=\"fusion-title title fusion-title-1 fusion-sep-none fusion-title-center fusion-title-highlight fusion-animate-once fusion-highlight-underline fusion-title-size-one\" style=\"--awb-text-color:var(--awb-color8);--awb-highlight-color:hsla(var(--awb-color5-h),calc(var(--awb-color5-s) + 100%),calc(var(--awb-color5-l) + 56%),var(--awb-color5-a));--awb-highlight-width:7;--awb-margin-top:30px;--awb-margin-top-small:10px;--awb-margin-right-small:0px;--awb-margin-bottom-small:10px;--awb-margin-left-small:0px;--awb-font-size:42px;\" data-highlight=\"underline\"><h1 class=\"fusion-title-heading title-heading-center fusion-responsive-typography-calculated\" style=\"margin:0;text-transform:none;font-size:1em;--fontSize:42;line-height:var(--awb-typography1-line-height);\"><span class=\"fusion-highlighted-text-prefix\"><\/span> <span class=\"fusion-highlighted-text-wrapper\"><span class=\"fusion-highlighted-text\">Pricing<\/span><svg xmlns=\"http:\/\/www.w3.org\/2000\/svg\" viewbox=\"0 0 500 150\" preserveaspectratio=\"none\"><path d=\"M8.1,146.2c0,0,240.6-55.6,479-13.8\"><\/path><\/svg><\/span> <span class=\"fusion-highlighted-text-postfix\"><\/span><\/h1><\/div><div class=\"fusion-text fusion-text-1\"><p>Le paiement des prestations propos\u00e9es peut se faire par CB, esp\u00e8ces et ch\u00e8ques vacances.<\/p>\n<\/div><div class=\"fusion-image-element\" style=\"--awb-margin-top:30px;--awb-caption-title-font-family:var(--h2_typography-font-family);--awb-caption-title-font-weight:var(--h2_typography-font-weight);--awb-caption-title-font-style:var(--h2_typography-font-style);--awb-caption-title-size:var(--h2_typography-font-size);--awb-caption-title-transform:var(--h2_typography-text-transform);--awb-caption-title-line-height:var(--h2_typography-line-height);--awb-caption-title-letter-spacing:var(--h2_typography-letter-spacing);\"><span class=\"fusion-imageframe imageframe-none imageframe-1 hover-type-none\"><img decoding=\"async\" width=\"1024\" height=\"355\" alt=\"parc aquasports tarifs grand public\" title=\"parc aquasports tarifs grand public\" src=\"https:\/\/parcaquasports.fr\/wp-content\/uploads\/2024\/03\/parc-aquasports-tarifs-grand-public-e1742376236400-1024x355.jpg\" class=\"img-responsive wp-image-2050\" srcset=\"https:\/\/parcaquasports.fr\/wp-content\/uploads\/2024\/03\/parc-aquasports-tarifs-grand-public-e1742376236400-200x69.jpg 200w, https:\/\/parcaquasports.fr\/wp-content\/uploads\/2024\/03\/parc-aquasports-tarifs-grand-public-e1742376236400-400x139.jpg 400w, https:\/\/parcaquasports.fr\/wp-content\/uploads\/2024\/03\/parc-aquasports-tarifs-grand-public-e1742376236400-600x208.jpg 600w, https:\/\/parcaquasports.fr\/wp-content\/uploads\/2024\/03\/parc-aquasports-tarifs-grand-public-e1742376236400-800x277.jpg 800w, https:\/\/parcaquasports.fr\/wp-content\/uploads\/2024\/03\/parc-aquasports-tarifs-grand-public-e1742376236400-1200x416.jpg 1200w, https:\/\/parcaquasports.fr\/wp-content\/uploads\/2024\/03\/parc-aquasports-tarifs-grand-public-e1742376236400.jpg 1586w\" sizes=\"(max-width: 800px) 100vw, 1024px\" \/><\/span><\/div><div class=\"fusion-image-element\" style=\"--awb-margin-top:30px;--awb-caption-title-font-family:var(--h2_typography-font-family);--awb-caption-title-font-weight:var(--h2_typography-font-weight);--awb-caption-title-font-style:var(--h2_typography-font-style);--awb-caption-title-size:var(--h2_typography-font-size);--awb-caption-title-transform:var(--h2_typography-text-transform);--awb-caption-title-line-height:var(--h2_typography-line-height);--awb-caption-title-letter-spacing:var(--h2_typography-letter-spacing);\"><span class=\"fusion-imageframe imageframe-none imageframe-2 hover-type-none\"><img decoding=\"async\" width=\"1585\" height=\"499\" alt=\"parc aquasports tarifs groupes\" title=\"parc aquasports tarifs groupes\" src=\"https:\/\/parcaquasports.fr\/wp-content\/uploads\/2024\/03\/parc-aquasports-tarifs-groupes.jpg\" class=\"img-responsive wp-image-2049\" srcset=\"https:\/\/parcaquasports.fr\/wp-content\/uploads\/2024\/03\/parc-aquasports-tarifs-groupes-200x63.jpg 200w, https:\/\/parcaquasports.fr\/wp-content\/uploads\/2024\/03\/parc-aquasports-tarifs-groupes-400x126.jpg 400w, https:\/\/parcaquasports.fr\/wp-content\/uploads\/2024\/03\/parc-aquasports-tarifs-groupes-600x189.jpg 600w, https:\/\/parcaquasports.fr\/wp-content\/uploads\/2024\/03\/parc-aquasports-tarifs-groupes-800x252.jpg 800w, https:\/\/parcaquasports.fr\/wp-content\/uploads\/2024\/03\/parc-aquasports-tarifs-groupes-1200x378.jpg 1200w, https:\/\/parcaquasports.fr\/wp-content\/uploads\/2024\/03\/parc-aquasports-tarifs-groupes.jpg 1585w\" sizes=\"(max-width: 800px) 100vw, 1585px\" \/><\/span><\/div><div class=\"fusion-image-element\" style=\"--awb-margin-top:30px;--awb-caption-title-font-family:var(--h2_typography-font-family);--awb-caption-title-font-weight:var(--h2_typography-font-weight);--awb-caption-title-font-style:var(--h2_typography-font-style);--awb-caption-title-size:var(--h2_typography-font-size);--awb-caption-title-transform:var(--h2_typography-text-transform);--awb-caption-title-line-height:var(--h2_typography-line-height);--awb-caption-title-letter-spacing:var(--h2_typography-letter-spacing);\"><span class=\"fusion-imageframe imageframe-none imageframe-3 hover-type-none\"><img decoding=\"async\" width=\"1586\" height=\"465\" alt=\"parc aquasports tarifs entreprises\" title=\"parc aquasports tarifs entreprises\" src=\"https:\/\/parcaquasports.fr\/wp-content\/uploads\/2024\/03\/parc-aquasports-tarifs-entreprises.jpg\" class=\"img-responsive wp-image-2048\" srcset=\"https:\/\/parcaquasports.fr\/wp-content\/uploads\/2024\/03\/parc-aquasports-tarifs-entreprises-200x59.jpg 200w, https:\/\/parcaquasports.fr\/wp-content\/uploads\/2024\/03\/parc-aquasports-tarifs-entreprises-400x117.jpg 400w, https:\/\/parcaquasports.fr\/wp-content\/uploads\/2024\/03\/parc-aquasports-tarifs-entreprises-600x176.jpg 600w, https:\/\/parcaquasports.fr\/wp-content\/uploads\/2024\/03\/parc-aquasports-tarifs-entreprises-800x235.jpg 800w, https:\/\/parcaquasports.fr\/wp-content\/uploads\/2024\/03\/parc-aquasports-tarifs-entreprises-1200x352.jpg 1200w, https:\/\/parcaquasports.fr\/wp-content\/uploads\/2024\/03\/parc-aquasports-tarifs-entreprises.jpg 1586w\" sizes=\"(max-width: 800px) 100vw, 1586px\" \/><\/span><\/div><div class=\"fusion-image-element\" style=\"--awb-margin-top:30px;--awb-caption-title-font-family:var(--h2_typography-font-family);--awb-caption-title-font-weight:var(--h2_typography-font-weight);--awb-caption-title-font-style:var(--h2_typography-font-style);--awb-caption-title-size:var(--h2_typography-font-size);--awb-caption-title-transform:var(--h2_typography-text-transform);--awb-caption-title-line-height:var(--h2_typography-line-height);--awb-caption-title-letter-spacing:var(--h2_typography-letter-spacing);\"><span class=\"fusion-imageframe imageframe-none imageframe-4 hover-type-none\"><img decoding=\"async\" width=\"1024\" height=\"502\" alt=\"capture d\u2019e\u0301cran 2024 12 30 a\u0300 11.45.47\" title=\"capture d\u2019e\u0301cran 2024 12 30 a\u0300 11.45.47\" src=\"https:\/\/parcaquasports.fr\/wp-content\/uploads\/2024\/12\/capture-decran-2024-12-30-a-11.45.47-1024x502.png\" class=\"img-responsive wp-image-3470\"\/><\/span><\/div><div class=\"fusion-image-element\" style=\"--awb-margin-top:30px;--awb-caption-title-font-family:var(--h2_typography-font-family);--awb-caption-title-font-weight:var(--h2_typography-font-weight);--awb-caption-title-font-style:var(--h2_typography-font-style);--awb-caption-title-size:var(--h2_typography-font-size);--awb-caption-title-transform:var(--h2_typography-text-transform);--awb-caption-title-line-height:var(--h2_typography-line-height);--awb-caption-title-letter-spacing:var(--h2_typography-letter-spacing);\"><span class=\"fusion-imageframe imageframe-none imageframe-5 hover-type-none\"><img decoding=\"async\" width=\"1586\" height=\"238\" alt=\"parc aquasports tarifs footer\" title=\"parc aquasports tarifs footer\" src=\"https:\/\/parcaquasports.fr\/wp-content\/uploads\/2024\/03\/parc-aquasports-tarifs-footer.jpg\" class=\"img-responsive wp-image-2046\" srcset=\"https:\/\/parcaquasports.fr\/wp-content\/uploads\/2024\/03\/parc-aquasports-tarifs-footer-200x30.jpg 200w, https:\/\/parcaquasports.fr\/wp-content\/uploads\/2024\/03\/parc-aquasports-tarifs-footer-400x60.jpg 400w, https:\/\/parcaquasports.fr\/wp-content\/uploads\/2024\/03\/parc-aquasports-tarifs-footer-600x90.jpg 600w, https:\/\/parcaquasports.fr\/wp-content\/uploads\/2024\/03\/parc-aquasports-tarifs-footer-800x120.jpg 800w, https:\/\/parcaquasports.fr\/wp-content\/uploads\/2024\/03\/parc-aquasports-tarifs-footer-1200x180.jpg 1200w, https:\/\/parcaquasports.fr\/wp-content\/uploads\/2024\/03\/parc-aquasports-tarifs-footer.jpg 1586w\" sizes=\"(max-width: 800px) 100vw, 1586px\" \/><\/span><\/div><\/div><\/div><\/div><\/div>","protected":false},"excerpt":{"rendered":"","protected":false},"author":2,"featured_media":0,"parent":0,"menu_order":54,"comment_status":"closed","ping_status":"closed","template":"100-width.php","meta":{"_seopress_robots_primary_cat":"","_seopress_titles_title":"","_seopress_titles_desc":"","_seopress_robots_index":"","footnotes":""},"class_list":["post-2345","page","type-page","status-publish","hentry"],"_links":{"self":[{"href":"https:\/\/parcaquasports.fr\/en\/wp-json\/wp\/v2\/pages\/2345","targetHints":{"allow":["GET"]}}],"collection":[{"href":"https:\/\/parcaquasports.fr\/en\/wp-json\/wp\/v2\/pages"}],"about":[{"href":"https:\/\/parcaquasports.fr\/en\/wp-json\/wp\/v2\/types\/page"}],"author":[{"embeddable":true,"href":"https:\/\/parcaquasports.fr\/en\/wp-json\/wp\/v2\/users\/2"}],"replies":[{"embeddable":true,"href":"https:\/\/parcaquasports.fr\/en\/wp-json\/wp\/v2\/comments?post=2345"}],"version-history":[{"count":6,"href":"https:\/\/parcaquasports.fr\/en\/wp-json\/wp\/v2\/pages\/2345\/revisions"}],"predecessor-version":[{"id":3481,"href":"https:\/\/parcaquasports.fr\/en\/wp-json\/wp\/v2\/pages\/2345\/revisions\/3481"}],"wp:attachment":[{"href":"https:\/\/parcaquasports.fr\/en\/wp-json\/wp\/v2\/media?parent=2345"}],"curies":[{"name":"wp","href":"https:\/\/api.w.org\/{rel}","templated":true}]}}