{"id":3284,"date":"2024-05-15T12:38:13","date_gmt":"2024-05-15T10:38:13","guid":{"rendered":"https:\/\/parcaquasports.fr\/?page_id=3284"},"modified":"2024-05-15T14:21:35","modified_gmt":"2024-05-15T12:21:35","slug":"mentions-legales","status":"publish","type":"page","link":"https:\/\/parcaquasports.fr\/en\/mentions-legales\/","title":{"rendered":"Mentions l\u00e9gales"},"content":{"rendered":"<p><div class=\"fusion-fullwidth fullwidth-box fusion-builder-row-1 fusion-flex-container has-pattern-background has-mask-background nonhundred-percent-fullwidth non-hundred-percent-height-scrolling\" style=\"--awb-border-radius-top-left:0px;--awb-border-radius-top-right:0px;--awb-border-radius-bottom-right:0px;--awb-border-radius-bottom-left:0px;--awb-padding-top:35px;--awb-flex-wrap:wrap;\" ><div class=\"fusion-builder-row fusion-row fusion-flex-align-items-flex-start fusion-flex-content-wrap\" style=\"max-width:1414.4px;margin-left: calc(-4% \/ 2 );margin-right: calc(-4% \/ 2 );\"><div class=\"fusion-layout-column fusion_builder_column fusion-builder-column-0 fusion_builder_column_1_1 1_1 fusion-flex-column\" style=\"--awb-bg-size:cover;--awb-width-large:100%;--awb-margin-top-large:0px;--awb-spacing-right-large:1.92%;--awb-margin-bottom-large:60px;--awb-spacing-left-large:1.92%;--awb-width-medium:100%;--awb-order-medium:0;--awb-spacing-right-medium:1.92%;--awb-spacing-left-medium:1.92%;--awb-width-small:100%;--awb-order-small:0;--awb-spacing-right-small:1.92%;--awb-spacing-left-small:1.92%;\"><div class=\"fusion-column-wrapper fusion-column-has-shadow fusion-flex-justify-content-flex-start fusion-content-layout-column\"><div class=\"fusion-title title fusion-title-1 fusion-sep-none fusion-title-center fusion-title-text fusion-title-size-one\" style=\"--awb-margin-top:30px;--awb-margin-top-small:30px;--awb-margin-right-small:0px;--awb-margin-bottom-small:10px;--awb-margin-left-small:0px;--awb-font-size:34px;\"><h1 class=\"fusion-title-heading title-heading-center fusion-responsive-typography-calculated\" style=\"margin:0;text-transform:none;font-size:1em;--fontSize:34;line-height:var(--awb-typography1-line-height);\">Mentions l\u00e9gales<\/h1><\/div><\/div><\/div><\/div><\/div><div class=\"fusion-fullwidth fullwidth-box fusion-builder-row-2 fusion-flex-container has-pattern-background has-mask-background nonhundred-percent-fullwidth non-hundred-percent-height-scrolling\" style=\"--awb-border-radius-top-left:0px;--awb-border-radius-top-right:0px;--awb-border-radius-bottom-right:0px;--awb-border-radius-bottom-left:0px;--awb-flex-wrap:wrap;\" ><div class=\"fusion-builder-row fusion-row fusion-flex-align-items-flex-start fusion-flex-content-wrap\" style=\"max-width:calc( 1360px + 0px );margin-left: calc(-0px \/ 2 );margin-right: calc(-0px \/ 2 );\"><div class=\"fusion-layout-column fusion_builder_column fusion-builder-column-1 fusion_builder_column_1_2 1_2 fusion-flex-column\" style=\"--awb-bg-size:cover;--awb-width-large:50%;--awb-margin-top-large:0px;--awb-spacing-right-large:0px;--awb-margin-bottom-large:20px;--awb-spacing-left-large:0px;--awb-width-medium:50%;--awb-order-medium:0;--awb-spacing-right-medium:0px;--awb-spacing-left-medium:0px;--awb-width-small:100%;--awb-order-small:0;--awb-spacing-right-small:0px;--awb-spacing-left-small:0px;\"><div class=\"fusion-column-wrapper fusion-column-has-shadow fusion-flex-justify-content-flex-start fusion-content-layout-column\"><div class=\"fusion-text fusion-text-1\"><p><strong>Ce site est \u00e9dit\u00e9 par :<\/strong><br \/>\nParc Aquasports Pau B\u00e9arn Pyr\u00e9n\u00e9es<br \/>\n39 avenue de l&rsquo;Yser &#8211; 64320 Bizanos<br \/>\nEmail : <a href=\"mailto:contact@parcaquasports.fr\">contact@parcaquasports.fr<\/a><br \/>\nT\u00e9l\u00e9phone : +33 5 59 40 85 44<br \/>\nDirecteur de publication : Nicolas Fayol<\/p>\n<p><strong>R\u00e9alisation :<\/strong><br \/>\nCr\u00e9a-SUD Communication<br \/>\n9397 rue du Souvenir Fran\u00e7ais &#8211; 64320 Lescar<br \/>\nWeb : <a href=\"https:\/\/www.creasud.fr\" target=\"_blank\" rel=\"noopener\">www.creasud.fr<\/a><br \/>\nEmail : <a href=\"mailto:contact@creasud.fr\">contact@creasud.fr<\/a><\/p>\n<\/div><\/div><\/div><div class=\"fusion-layout-column fusion_builder_column fusion-builder-column-2 fusion_builder_column_1_2 1_2 fusion-flex-column\" style=\"--awb-bg-size:cover;--awb-width-large:50%;--awb-margin-top-large:0px;--awb-spacing-right-large:0px;--awb-margin-bottom-large:20px;--awb-spacing-left-large:0px;--awb-width-medium:50%;--awb-order-medium:0;--awb-spacing-right-medium:0px;--awb-spacing-left-medium:0px;--awb-width-small:100%;--awb-order-small:0;--awb-spacing-right-small:0px;--awb-spacing-left-small:0px;\"><div class=\"fusion-column-wrapper fusion-column-has-shadow fusion-flex-justify-content-flex-start fusion-content-layout-column\"><div class=\"fusion-text fusion-text-2\"><p><strong>H\u00e9bergement :<\/strong><br \/>\nWEBCONEX | 824 026 710 00023 RCS Bordeaux<br \/>\nSi\u00e8ge social : 5, all\u00e9es de Tourny 33000 BORDEAUX (France).<br \/>\nData centers situ\u00e9s en France<\/p>\n<p><strong>Infog\u00e9rance :<\/strong><br \/>\nEURL Pausitic<br \/>\n2 rue Jean-Baptiste Bernadotte 64110 Maz\u00e8res-Lezons (France)<br \/>\nWeb :\u00a0<a href=\"https:\/\/www.pausitic.fr\/\" target=\"_blank\" rel=\"noopener noreferrer\">https:\/\/www.pausitic.fr<\/a><br \/>\nEmail :\u00a0<a href=\"mailto:contact@pausitic.fr\">contact@pausitic.fr<\/a><\/p>\n<\/div><\/div><\/div><\/div><\/div><\/p>","protected":false},"excerpt":{"rendered":"","protected":false},"author":1,"featured_media":0,"parent":0,"menu_order":1002,"comment_status":"closed","ping_status":"closed","template":"100-width.php","meta":{"_seopress_robots_primary_cat":"","_seopress_titles_title":"","_seopress_titles_desc":"","_seopress_robots_index":"","footnotes":""},"class_list":["post-3284","page","type-page","status-publish","hentry"],"_links":{"self":[{"href":"https:\/\/parcaquasports.fr\/en\/wp-json\/wp\/v2\/pages\/3284","targetHints":{"allow":["GET"]}}],"collection":[{"href":"https:\/\/parcaquasports.fr\/en\/wp-json\/wp\/v2\/pages"}],"about":[{"href":"https:\/\/parcaquasports.fr\/en\/wp-json\/wp\/v2\/types\/page"}],"author":[{"embeddable":true,"href":"https:\/\/parcaquasports.fr\/en\/wp-json\/wp\/v2\/users\/1"}],"replies":[{"embeddable":true,"href":"https:\/\/parcaquasports.fr\/en\/wp-json\/wp\/v2\/comments?post=3284"}],"version-history":[{"count":0,"href":"https:\/\/parcaquasports.fr\/en\/wp-json\/wp\/v2\/pages\/3284\/revisions"}],"wp:attachment":[{"href":"https:\/\/parcaquasports.fr\/en\/wp-json\/wp\/v2\/media?parent=3284"}],"curies":[{"name":"wp","href":"https:\/\/api.w.org\/{rel}","templated":true}]}}