{"id":3295,"date":"2024-05-15T13:00:46","date_gmt":"2024-05-15T11:00:46","guid":{"rendered":"https:\/\/parcaquasports.fr\/?page_id=3295"},"modified":"2024-05-15T14:42:55","modified_gmt":"2024-05-15T12:42:55","slug":"cgu","status":"publish","type":"page","link":"https:\/\/parcaquasports.fr\/en\/cgu\/","title":{"rendered":"Conditions g\u00e9n\u00e9rales d&rsquo;utilisation du site web"},"content":{"rendered":"<p><div class=\"fusion-fullwidth fullwidth-box fusion-builder-row-1 fusion-flex-container has-pattern-background has-mask-background nonhundred-percent-fullwidth non-hundred-percent-height-scrolling\" style=\"--awb-border-radius-top-left:0px;--awb-border-radius-top-right:0px;--awb-border-radius-bottom-right:0px;--awb-border-radius-bottom-left:0px;--awb-padding-top:35px;--awb-flex-wrap:wrap;\" ><div class=\"fusion-builder-row fusion-row fusion-flex-align-items-flex-start fusion-flex-content-wrap\" style=\"max-width:1414.4px;margin-left: calc(-4% \/ 2 );margin-right: calc(-4% \/ 2 );\"><div class=\"fusion-layout-column fusion_builder_column fusion-builder-column-0 fusion_builder_column_1_1 1_1 fusion-flex-column\" style=\"--awb-bg-size:cover;--awb-width-large:100%;--awb-margin-top-large:0px;--awb-spacing-right-large:1.92%;--awb-margin-bottom-large:60px;--awb-spacing-left-large:1.92%;--awb-width-medium:100%;--awb-order-medium:0;--awb-spacing-right-medium:1.92%;--awb-spacing-left-medium:1.92%;--awb-width-small:100%;--awb-order-small:0;--awb-spacing-right-small:1.92%;--awb-spacing-left-small:1.92%;\"><div class=\"fusion-column-wrapper fusion-column-has-shadow fusion-flex-justify-content-flex-start fusion-content-layout-column\"><div class=\"fusion-title title fusion-title-1 fusion-sep-none fusion-title-center fusion-title-text fusion-title-size-one\" style=\"--awb-text-color:var(--awb-color8);--awb-margin-top:30px;--awb-margin-top-small:30px;--awb-margin-right-small:0px;--awb-margin-bottom-small:10px;--awb-margin-left-small:0px;--awb-font-size:34px;\"><h1 class=\"fusion-title-heading title-heading-center fusion-responsive-typography-calculated\" style=\"margin:0;text-transform:none;font-size:1em;--fontSize:34;line-height:var(--awb-typography1-line-height);\">Conditions g\u00e9n\u00e9rales d&rsquo;utilisation du site web<\/h1><\/div><\/div><\/div><\/div><\/div><div class=\"fusion-fullwidth fullwidth-box fusion-builder-row-2 fusion-flex-container has-pattern-background has-mask-background nonhundred-percent-fullwidth non-hundred-percent-height-scrolling\" style=\"--awb-border-radius-top-left:0px;--awb-border-radius-top-right:0px;--awb-border-radius-bottom-right:0px;--awb-border-radius-bottom-left:0px;--awb-flex-wrap:wrap;\" ><div class=\"fusion-builder-row fusion-row fusion-flex-align-items-flex-start fusion-flex-content-wrap\" style=\"max-width:calc( 1360px + 0px );margin-left: calc(-0px \/ 2 );margin-right: calc(-0px \/ 2 );\"><div class=\"fusion-layout-column fusion_builder_column fusion-builder-column-1 fusion_builder_column_1_1 1_1 fusion-flex-column\" style=\"--awb-bg-size:cover;--awb-width-large:100%;--awb-margin-top-large:0px;--awb-spacing-right-large:0px;--awb-margin-bottom-large:20px;--awb-spacing-left-large:0px;--awb-width-medium:100%;--awb-order-medium:0;--awb-spacing-right-medium:0px;--awb-spacing-left-medium:0px;--awb-width-small:100%;--awb-order-small:0;--awb-spacing-right-small:0px;--awb-spacing-left-small:0px;\"><div class=\"fusion-column-wrapper fusion-column-has-shadow fusion-flex-justify-content-flex-start fusion-content-layout-column\"><div class=\"fusion-text fusion-text-1\" style=\"--awb-content-alignment:justify;--awb-text-color:#000000;\"><p><strong>1 \u2013 ACCEPTATION<\/strong><br \/>Tout acc\u00e8s au site web du Parc Aquasports, et\/ou toute recherche effectu\u00e9e sur ledit site, et\/ou toute utilisation dudit site et \/ou tout t\u00e9l\u00e9chargement d\u2019une partie du contenu dudit site par l\u2019utilisateur vaut acceptation des Conditions d\u2019Utilisation du site web du Parc Aquasports, telles que d\u00e9finies ci apr\u00e8s.<\/p>\n<p><strong>2 \u2013 OBJET DU SITE WEB<\/strong><br \/>Toutes les informations contenues sur le site web du Parc Aquasports, ci-apr\u00e8s d\u00e9nomm\u00e9 le \u00ab Contenu \u00bb, ne sont mises \u00e0 la disposition des utilisateurs qu\u2019\u00e0 titre indicatif. Elles ne peuvent en aucun cas \u00eatre interpr\u00e9t\u00e9es comme une offre commerciale, une licence, un conseil, une relation professionnelle entre l\u2019utilisateur et les organisateurs du Parc Aquasports. Le Contenu fourni sur ce site n\u2019exon\u00e8re pas l\u2019utilisateur de proc\u00e9der par lui-m\u00eame au contr\u00f4le de l\u2019information fournie.<\/p>\n<p><strong>3 \u2013 LIENS HYPERTEXTES AVEC DES SITES TIERS ET FLUX RSS EXTERNES<\/strong><br \/>Les organisateurs du n\u2019exercent aucun contr\u00f4le quant au contenu des sites tiers. L\u2019existence d\u2019un lien hypertexte entre le site web du Parc Aquasports et un site tiers ne signifie pas que les firigeants du Parc Aquasports assument une quelconque garantie et responsabilit\u00e9 quant \u00e0 son contenu ou l\u2019usage qui peut en \u00eatre fait. Il incombe \u00e0 l\u2019utilisateur de prendre les pr\u00e9cautions n\u00e9cessaires pour s\u2019assurer de l\u2019absence de virus sur le site visit\u00e9. Il est interdit, sans l\u2019accord \u00e9crit et pr\u00e9alable des dirigeants du Parc Aquasports, \u00e0 tout utilisateur du site web du Parc Aquasports de cr\u00e9er, sur n\u2019importe quel autre site web, tout lien hypertexte y compris un lien hypertexte dit \u00ab profond \u00bb avec une page du site web du Parc Aquasports et de le combiner avec la technique du \u00ab framing \u00bb ou toute autre technique similaire permettant de renvoyer directement aux pages secondaires du site web du Parc Aquasports sans passer par sa page d\u2019accueil.<\/p>\n<p><strong>4 \u2013 DROITS DE PROPRI\u00c9T\u00c9 INTELLECTUELLE<\/strong><br \/>Le site web du Parc Aquasports est prot\u00e9g\u00e9 par les droits de propri\u00e9t\u00e9 intellectuelle et est la propri\u00e9t\u00e9 exclusive du Parc Aquasports. Le contenu de ce site est prot\u00e9g\u00e9 par les droits de propri\u00e9t\u00e9 intellectuelle et restent la propri\u00e9t\u00e9 du Parc Aquasports ou d\u2019un tiers. L\u2019utilisateur ne doit utiliser le contenu du site que pour des besoins personnels et non commerciaux. Tout autre utilisation ou modification du contenu du site web du Parc Aquasports est interdit sans l\u2019accord \u00e9crit pr\u00e9alable des dirigeants du Parc Aquasports.<\/p>\n<p><strong>5 \u2013 GARANTIES ET\u00a0RESPONSABILIT\u00c9S<\/strong><br \/>Le Contenu du site web du Parc Aquasports \u2013 y compris les logiciels pouvant y \u00eatre t\u00e9l\u00e9charg\u00e9s, est fourni \u00a0\u00bb en l\u2019\u00e9tat \u00ab , sans garantie d\u2019aucune sorte, ni expresse, ni tacite autre que celle pr\u00e9vue par la loi en vigueur, et notamment sans garantie que le Contenu r\u00e9ponde aux besoins de l\u2019utilisateur ni que le Contenu soit \u00e0 jour. Bien que les dirigeants du Parc Aquasports s\u2019efforcent de fournir un Contenu fiable sur ce site web, ils ne garantissent pas que ce site web soit exempt d\u2019inexactitudes, d\u2019 erreurs typographiques, d\u2019omissions et \/ou de virus. Les dirigeants du Parc Aquasports se r\u00e9servent \u00e0 tout moment et sans pr\u00e9avis le droit d\u2019apporter des am\u00e9liorations et\/ou des modifications au Contenu de ce site web. Les dirigeants du Parc Aquasports ne garantissent pas les r\u00e9sultats li\u00e9s \u00e0 l\u2019utilisation d\u2019un logiciel disponible sur son site web. L\u2019utilisateur est seul responsable de toute utilisation des informations contenues sur ce site. Le Contenu du site n\u2019\u00e9tend pas ni ne modifie en aucune fa\u00e7on la garantie qui pourrait s\u2019appliquer au titre des relations contractuelles existantes entre l\u2019utilisateur et le Parc Aquasports.<br \/>Les dirigeants du Parc Aquasports ne pourront pas \u00eatre tenus responsables des dommages indirects r\u00e9sultant de l\u2019usage de ce site web ou d\u2019autres sites qui lui sont li\u00e9s, notamment et sans limitation, tout pr\u00e9judice financier ou commercial, perte de programme ou de donn\u00e9es du syst\u00e8me d\u2019information ou autre de l\u2019utilisateur, m\u00eame si les dirigeants du Parc Aquasports ont eu connaissance de la possibilit\u00e9 de survenance de tels dommages.<\/p>\n<p>En tout \u00e9tat de cause, la responsabilit\u00e9 des dirigeants du Parc Aquasports pour tout dommage direct ou en lien avec l\u2019utilisation de son site web ou tout autre site qui lui est li\u00e9 ne pourra d\u00e9passer un montant \u00e9quivalent \u00e0 z\u00e9ro (0) euro.<\/p>\n<p><strong>6- AVERTISSEMENT AUX UTILISATEURS<\/strong><br \/>dirigeants du Parc Aquasports n\u2019assument aucune obligation de contr\u00f4le des informations que l\u2019utilisateur peut divulguer sur le site web du Parc Aquasports. A ce titre, l\u2019utilisateur garantit que n\u2019importe quelle information, ou El\u00e9ment (le terme \u00ab El\u00e9ment \u00bb d\u00e9signe tout projet, fichier ou autres pi\u00e8ces jointes envoy\u00e9s) ou commentaires autres que des donn\u00e9es personnelles, que l\u2019utilisateur peut transmettre au Parc Aquasports par le site web de cette derni\u00e8re, ne viole aucun droit de propri\u00e9t\u00e9 intellectuelle d\u2019un tiers ou une autre loi applicable. De telles informations, ou El\u00e9ments ou commentaires, seront trait\u00e9s comme non-confidentiels et non-propri\u00e9taires. En soumettant ainsi n\u2019importe quels informations, El\u00e9ments ou commentaires, l\u2019utilisateur donne aux organisateurs du Parc Aquasports tout droit n\u00e9cessaire, de mani\u00e8re illimit\u00e9 et irr\u00e9vocable, pour employer, ex\u00e9cuter, montrer, modifier et transmettre de tels informations, El\u00e9ments ou commentaires, y compris n\u2019importe quel suggestion, concept ou savoir-faire. Les dirigeants du Parc Aquasports\u00a0 se r\u00e9servent le droit d\u2019employer de tels informations, El\u00e9ments ou commentaires de n\u2019importe quelle fa\u00e7on qu\u2019ils le choisiront.<\/p>\n<p><b>7 \u2013 LOI APPLICABLE \u2013 IND\u00c9PENDANCE DES CLAUSES<\/b><br \/>Toute difficult\u00e9, r\u00e9clamation ou litige provenant ou li\u00e9(e) aux pr\u00e9sentes Conditions d\u2019Utilisation sera r\u00e9gi(e) selon la loi fran\u00e7aise.<br \/>Le tribunal de commerce de Pau sera seul comp\u00e9tent. Si n\u2019importe quelle disposition de ces Conditions d\u2019Utilisation est tenue pour \u00eatre ill\u00e9gale, invalide ou inapplicable, en application d\u2019une loi, d\u2019un r\u00e8glement ou \u00e0 la suite d\u2019une d\u00e9cision d\u00e9finitive d\u2019une juridiction comp\u00e9tente, les dispositions restantes resteront en vigueur.<\/p>\n<p><strong>8 \u2013 MODIFICATION DES CONDITIONS D\u2019UTILISATION<\/strong><br \/>Les dirigeants du Parc Aquasports se r\u00e9servent le droit de modifier les Conditions d\u2019Utilisation de ce site web \u00e0 tout moment et sans pr\u00e9avis. Les utilisateurs seront automatiquement li\u00e9s par ces modifications quand ils navigueront sur ce site web et devront p\u00e9riodiquement lire les Conditions d\u2019Utilisation.<\/p>\n<\/div><\/div><\/div><\/div><\/div><\/p>","protected":false},"excerpt":{"rendered":"","protected":false},"author":1,"featured_media":0,"parent":0,"menu_order":1004,"comment_status":"closed","ping_status":"closed","template":"100-width.php","meta":{"_seopress_robots_primary_cat":"","_seopress_titles_title":"%%post_title%%","_seopress_titles_desc":"","_seopress_robots_index":"","footnotes":""},"class_list":["post-3295","page","type-page","status-publish","hentry"],"_links":{"self":[{"href":"https:\/\/parcaquasports.fr\/en\/wp-json\/wp\/v2\/pages\/3295","targetHints":{"allow":["GET"]}}],"collection":[{"href":"https:\/\/parcaquasports.fr\/en\/wp-json\/wp\/v2\/pages"}],"about":[{"href":"https:\/\/parcaquasports.fr\/en\/wp-json\/wp\/v2\/types\/page"}],"author":[{"embeddable":true,"href":"https:\/\/parcaquasports.fr\/en\/wp-json\/wp\/v2\/users\/1"}],"replies":[{"embeddable":true,"href":"https:\/\/parcaquasports.fr\/en\/wp-json\/wp\/v2\/comments?post=3295"}],"version-history":[{"count":0,"href":"https:\/\/parcaquasports.fr\/en\/wp-json\/wp\/v2\/pages\/3295\/revisions"}],"wp:attachment":[{"href":"https:\/\/parcaquasports.fr\/en\/wp-json\/wp\/v2\/media?parent=3295"}],"curies":[{"name":"wp","href":"https:\/\/api.w.org\/{rel}","templated":true}]}}