{"id":3332,"date":"2024-05-15T14:49:18","date_gmt":"2024-05-15T12:49:18","guid":{"rendered":"https:\/\/parcaquasports.fr\/?page_id=3332"},"modified":"2024-05-15T14:49:18","modified_gmt":"2024-05-15T12:49:18","slug":"politique-de-confidentialite","status":"publish","type":"page","link":"https:\/\/parcaquasports.fr\/en\/politique-de-confidentialite\/","title":{"rendered":"Politique de confidentialit\u00e9"},"content":{"rendered":"<p><div class=\"fusion-fullwidth fullwidth-box fusion-builder-row-1 fusion-flex-container has-pattern-background has-mask-background nonhundred-percent-fullwidth non-hundred-percent-height-scrolling\" style=\"--awb-border-radius-top-left:0px;--awb-border-radius-top-right:0px;--awb-border-radius-bottom-right:0px;--awb-border-radius-bottom-left:0px;--awb-padding-top:35px;--awb-flex-wrap:wrap;\" ><div class=\"fusion-builder-row fusion-row fusion-flex-align-items-flex-start fusion-flex-content-wrap\" style=\"max-width:1414.4px;margin-left: calc(-4% \/ 2 );margin-right: calc(-4% \/ 2 );\"><div class=\"fusion-layout-column fusion_builder_column fusion-builder-column-0 fusion_builder_column_1_1 1_1 fusion-flex-column\" style=\"--awb-bg-size:cover;--awb-width-large:100%;--awb-margin-top-large:0px;--awb-spacing-right-large:1.92%;--awb-margin-bottom-large:60px;--awb-spacing-left-large:1.92%;--awb-width-medium:100%;--awb-order-medium:0;--awb-spacing-right-medium:1.92%;--awb-spacing-left-medium:1.92%;--awb-width-small:100%;--awb-order-small:0;--awb-spacing-right-small:1.92%;--awb-spacing-left-small:1.92%;\"><div class=\"fusion-column-wrapper fusion-column-has-shadow fusion-flex-justify-content-flex-start fusion-content-layout-column\"><div class=\"fusion-title title fusion-title-1 fusion-sep-none fusion-title-center fusion-title-text fusion-title-size-one\" style=\"--awb-text-color:var(--awb-color8);--awb-margin-top:30px;--awb-margin-top-small:30px;--awb-margin-right-small:0px;--awb-margin-bottom-small:10px;--awb-margin-left-small:0px;--awb-font-size:34px;\"><h1 class=\"fusion-title-heading title-heading-center fusion-responsive-typography-calculated\" style=\"margin:0;text-transform:none;font-size:1em;--fontSize:34;line-height:var(--awb-typography1-line-height);\">Politique de confidentialit\u00e9<\/h1><\/div><\/div><\/div><\/div><\/div><div class=\"fusion-fullwidth fullwidth-box fusion-builder-row-2 fusion-flex-container has-pattern-background has-mask-background nonhundred-percent-fullwidth non-hundred-percent-height-scrolling\" style=\"--awb-border-radius-top-left:0px;--awb-border-radius-top-right:0px;--awb-border-radius-bottom-right:0px;--awb-border-radius-bottom-left:0px;--awb-flex-wrap:wrap;\" ><div class=\"fusion-builder-row fusion-row fusion-flex-align-items-flex-start fusion-flex-content-wrap\" style=\"max-width:calc( 1360px + 0px );margin-left: calc(-0px \/ 2 );margin-right: calc(-0px \/ 2 );\"><div class=\"fusion-layout-column fusion_builder_column fusion-builder-column-1 fusion_builder_column_1_1 1_1 fusion-flex-column\" style=\"--awb-bg-size:cover;--awb-width-large:100%;--awb-margin-top-large:0px;--awb-spacing-right-large:0px;--awb-margin-bottom-large:20px;--awb-spacing-left-large:0px;--awb-width-medium:100%;--awb-order-medium:0;--awb-spacing-right-medium:0px;--awb-spacing-left-medium:0px;--awb-width-small:100%;--awb-order-small:0;--awb-spacing-right-small:0px;--awb-spacing-left-small:0px;\"><div class=\"fusion-column-wrapper fusion-column-has-shadow fusion-flex-justify-content-flex-start fusion-content-layout-column\"><div class=\"fusion-text fusion-text-1\" style=\"--awb-content-alignment:justify;--awb-text-color:#000000;\"><p data-swp-font-size=\"15px\"><strong>Donn\u00e9es personnelles collect\u00e9es<br \/>\n<\/strong>Deux types de donn\u00e9es \u00e0 caract\u00e8re personnel sont collect\u00e9s sur le site parcaquasports.fr<\/p>\n<ul>\n<li data-swp-font-size=\"15px\">Donn\u00e9es saisies et envoy\u00e9es via les formulaires<\/li>\n<li data-swp-font-size=\"15px\">Donn\u00e9es collect\u00e9es par l\u2019outil de mesure d\u2019audience Google Analytics<\/li>\n<\/ul>\n<p data-swp-font-size=\"15px\"><strong>Responsable de traitement des donn\u00e9es personnelles<br \/>\n<\/strong>Les donn\u00e9es personnelles sont collect\u00e9es sur le site par le Parc Aquasports Pau B\u00e9arn Pyr\u00e9n\u00e9es &#8211; 39 avenue de l&rsquo;Yser 64320 Bizanos.<\/p>\n<p data-swp-font-size=\"15px\"><strong>Finalit\u00e9 de la collecte des donn\u00e9es personnelles<br \/>\n<\/strong>La collecte des donn\u00e9es personnelles \u00e0 travers les diff\u00e9rents formulaires pr\u00e9sents sur le site a pour but de :<\/p>\n<ul>\n<li data-swp-font-size=\"15px\">Recontacter les personnes qui ont laiss\u00e9 leurs informations de contact<\/li>\n<li data-swp-font-size=\"15px\">Assurer un suivi commercial des entreprises et particuliers int\u00e9ress\u00e9s par nos services.<\/li>\n<\/ul>\n<p data-swp-font-size=\"15px\">En soumettant le formulaire et en cochant la case \u00e0 cocher de consentement du formulaire, l\u2019internaute donne express\u00e9ment son accord pour que les donn\u00e9es \u00e0 caract\u00e8re personnel soient trait\u00e9es pour la finalit\u00e9 de gestion de la relation commerciale. La collecte des donn\u00e9es personnelles \u00e0 travers l\u2019outil de suivi d\u2019audience Google Analytics utilis\u00e9 sur le site a pour but d\u2019analyser le comportement des internautes sur le site afin de pouvoir mesurer leur audience et am\u00e9liorer leur performance. Google Analytics utilise des cookies tiers afin de distinguer les utilisateurs. Les cookies sont des fichiers texte install\u00e9s sur le terminal des internautes. Ils ne contiennent aucune information nominative, uniquement des identifiants cr\u00e9\u00e9s de mani\u00e8re al\u00e9atoire.<br \/>\nEn parcourant le site, l\u2019internaute donne express\u00e9ment son accord pour que les donn\u00e9es \u00e0 caract\u00e8re personnel collect\u00e9es par Google Analytics soient trait\u00e9es pour la finalit\u00e9 d\u2019analyse du comportement des internautes en vue de l\u2019am\u00e9lioration de la performance du site.<\/p>\n<p data-swp-font-size=\"15px\"><strong>Dur\u00e9e de conservations des donn\u00e9es personnelles<br \/>\n<\/strong>Les donn\u00e9es collect\u00e9es via les formulaires sont conserv\u00e9es pendant une dur\u00e9e de deux ans \u00e0 compter de l\u2019envoi du formulaire.<br \/>\nLes cookies utilis\u00e9s par l\u2019outil de mesure d\u2019audience Google Analytics ont les dur\u00e9es de vie suivantes :<\/p>\n<ul>\n<li data-swp-font-size=\"15px\">_ga : 2 ans<\/li>\n<li data-swp-font-size=\"15px\">_gid : 24 heures<\/li>\n<li data-swp-font-size=\"15px\">_gat : 1 minute<\/li>\n<\/ul>\n<p data-swp-font-size=\"15px\"><strong>Confidentialit\u00e9 des donn\u00e9es personnelles<br \/>\n<\/strong>Les donn\u00e9es personnelles vous concernant et collect\u00e9es par le site parcaquasports.fr sont uniquement destin\u00e9es au Parc Aquasports Pau B\u00e9arn Pyr\u00e9n\u00e9es et seront uniquement exploit\u00e9es dans le cadre de la demande explicit\u00e9e via le formulaire. En aucun cas, les donn\u00e9es personnelles saisies et envoy\u00e9es sur les formulaires ne seront transmises, lou\u00e9es ou commercialis\u00e9es \u00e0 des tiers.<\/p>\n<p data-swp-font-size=\"15px\"><strong>Lieu de stockage des donn\u00e9es personnelles<br \/>\n<\/strong>Les serveurs d\u2019h\u00e9bergement du site sont exclusivement situ\u00e9s en France, au sein de l\u2019Union Europ\u00e9enne.<br \/>\nLes dirigeants du Parc Aquasports Pau B\u00e9arn Pyr\u00e9n\u00e9es\u00a0 s\u2019engagent \u00e0 ne proc\u00e9der \u00e0 aucun transfert de donn\u00e9es \u00e0 caract\u00e8re personnel \u00e0 destination d\u2019un Etat non membre de la Communaut\u00e9 europ\u00e9enne.<\/p>\n<p data-swp-font-size=\"15px\"><strong>S\u00e9curit\u00e9 des donn\u00e9es personnelles<br \/>\n<\/strong>Le site est h\u00e9berg\u00e9 sur des serveurs s\u00e9curis\u00e9s de Webconex. La totalit\u00e9 des pages sont en mode s\u00e9curis\u00e9 de type HTTPS, TLS 1.2 \/ RSA. Il s\u2019agit d\u2019un protocole de s\u00e9curisation permettant de chiffrer le contenu des \u00e9changes entre le navigateur et les serveurs de bases de donn\u00e9es. Cela \u00e9vite que les donn\u00e9es personnelles saisies et envoy\u00e9es via les formulaires soient facilement lues par des tiers lors de leur transit.<\/p>\n<p data-swp-font-size=\"15px\">Cependant, aucune transmission ou stockage de donn\u00e9es personnelles n\u2019est jamais totalement s\u00e9curis\u00e9e. En cons\u00e9quence, nous ne pouvons pas garantir la s\u00e9curit\u00e9 infaillible de l\u2019information transmise ou stock\u00e9e sur les serveurs d\u2019h\u00e9bergement.<\/p>\n<p data-swp-font-size=\"15px\"><strong>D\u00e9l\u00e9gu\u00e9 \u00e0 la protection des donn\u00e9es personnelles<br \/>\n<\/strong>Nicolas Fayol est le D\u00e9l\u00e9gu\u00e9 \u00e0 la Protection des Donn\u00e9es (DPD) du Parc Aquasports Pau B\u00e9arn Pyr\u00e9n\u00e9es. Il est notamment en charge d\u2019assurer la conformit\u00e9 des activit\u00e9s de l\u2019association avec le nouveau cadre l\u00e9gal europ\u00e9en du RGPD et de coop\u00e9rer avec l\u2019autorit\u00e9 de contr\u00f4le.<br \/>\nVous pouvez le contacter en utilisant le formulaire de contact ou par courrier \u00e0 : Parc Aquasports Pau B\u00e9arn Pyr\u00e9n\u00e9es 39 avenue de l&rsquo;Yser 64320 Bizanos (France).<\/p>\n<p data-swp-font-size=\"15px\"><strong>Droit d\u2019acc\u00e8s, de rectification ou de suppression des donn\u00e9es personnelles<br \/>\n<\/strong>Conform\u00e9ment \u00e0 la loi Informatique et Libert\u00e9s du 6 janvier 1978 modifi\u00e9e, et le R\u00e8glement Europ\u00e9en G\u00e9n\u00e9ral sur la Protection des Donn\u00e9es 2016\/679 (RGPD), vous disposez des droits d\u2019acc\u00e8s, de rectification et de suppression des donn\u00e9es personnelles vous concernant que vous pouvez exercer en utilisant le formulaire de contact ou en envoyant un courrier \u00e0 Parc Aquasports Pau B\u00e9arn Pyr\u00e9n\u00e9es 39 avenue de l&rsquo;Yser 64320 Bizanos (France).<\/p>\n<\/div><\/div><\/div><\/div><\/div><\/p>","protected":false},"excerpt":{"rendered":"","protected":false},"author":1,"featured_media":0,"parent":0,"menu_order":1006,"comment_status":"closed","ping_status":"closed","template":"100-width.php","meta":{"_seopress_robots_primary_cat":"","_seopress_titles_title":"%%post_title%%","_seopress_titles_desc":"","_seopress_robots_index":"","footnotes":""},"class_list":["post-3332","page","type-page","status-publish","hentry"],"_links":{"self":[{"href":"https:\/\/parcaquasports.fr\/en\/wp-json\/wp\/v2\/pages\/3332","targetHints":{"allow":["GET"]}}],"collection":[{"href":"https:\/\/parcaquasports.fr\/en\/wp-json\/wp\/v2\/pages"}],"about":[{"href":"https:\/\/parcaquasports.fr\/en\/wp-json\/wp\/v2\/types\/page"}],"author":[{"embeddable":true,"href":"https:\/\/parcaquasports.fr\/en\/wp-json\/wp\/v2\/users\/1"}],"replies":[{"embeddable":true,"href":"https:\/\/parcaquasports.fr\/en\/wp-json\/wp\/v2\/comments?post=3332"}],"version-history":[{"count":0,"href":"https:\/\/parcaquasports.fr\/en\/wp-json\/wp\/v2\/pages\/3332\/revisions"}],"wp:attachment":[{"href":"https:\/\/parcaquasports.fr\/en\/wp-json\/wp\/v2\/media?parent=3332"}],"curies":[{"name":"wp","href":"https:\/\/api.w.org\/{rel}","templated":true}]}}