{"id":3372,"date":"2024-05-28T16:05:09","date_gmt":"2024-05-28T14:05:09","guid":{"rendered":"https:\/\/parcaquasports.fr\/?page_id=3372"},"modified":"2026-05-11T11:02:53","modified_gmt":"2026-05-11T09:02:53","slug":"weekend-portes-ouvertes","status":"publish","type":"page","link":"https:\/\/parcaquasports.fr\/en\/weekend-portes-ouvertes\/","title":{"rendered":"Weekend Portes ouvertes"},"content":{"rendered":"<p><div class=\"fusion-fullwidth fullwidth-box fusion-builder-row-1 fusion-flex-container nonhundred-percent-fullwidth non-hundred-percent-height-scrolling\" style=\"--awb-border-radius-top-left:0px;--awb-border-radius-top-right:0px;--awb-border-radius-bottom-right:0px;--awb-border-radius-bottom-left:0px;--awb-flex-wrap:wrap;\" ><div class=\"fusion-builder-row fusion-row fusion-flex-align-items-flex-start fusion-flex-content-wrap\" style=\"max-width:1414.4px;margin-left: calc(-4% \/ 2 );margin-right: calc(-4% \/ 2 );\"><div class=\"fusion-layout-column fusion_builder_column fusion-builder-column-0 fusion_builder_column_1_1 1_1 fusion-flex-column\" style=\"--awb-bg-size:cover;--awb-width-large:100%;--awb-margin-top-large:0px;--awb-spacing-right-large:1.92%;--awb-margin-bottom-large:0px;--awb-spacing-left-large:1.92%;--awb-width-medium:100%;--awb-order-medium:0;--awb-spacing-right-medium:1.92%;--awb-spacing-left-medium:1.92%;--awb-width-small:100%;--awb-order-small:0;--awb-spacing-right-small:1.92%;--awb-spacing-left-small:1.92%;\"><div class=\"fusion-column-wrapper fusion-column-has-shadow fusion-flex-justify-content-flex-start fusion-content-layout-column\"><div class=\"fusion-title title fusion-title-1 fusion-sep-none fusion-title-center fusion-title-highlight fusion-animate-once fusion-highlight-underline fusion-title-size-one\" style=\"--awb-highlight-color:hsla(var(--awb-color5-h),calc(var(--awb-color5-s) + 100%),calc(var(--awb-color5-l) + 56%),var(--awb-color5-a));--awb-highlight-width:7;--awb-margin-top:30px;--awb-margin-top-small:30px;--awb-margin-right-small:0px;--awb-margin-bottom-small:10px;--awb-margin-left-small:0px;--awb-font-size:48px;\" data-highlight=\"underline\"><h1 class=\"fusion-title-heading title-heading-center fusion-responsive-typography-calculated\" style=\"margin:0;text-transform:none;font-size:1em;--fontSize:48;line-height:var(--awb-typography1-line-height);\"><span class=\"fusion-highlighted-text-prefix\"><\/span> <span class=\"fusion-highlighted-text-wrapper\"><span class=\"fusion-highlighted-text\">Weekend Portes ouvertes<\/span><svg xmlns=\"http:\/\/www.w3.org\/2000\/svg\" viewbox=\"0 0 500 150\" preserveaspectratio=\"none\"><path d=\"M8.1,146.2c0,0,240.6-55.6,479-13.8\"><\/path><\/svg><\/span> <span class=\"fusion-highlighted-text-postfix\"><\/span><\/h1><\/div><div class=\"fusion-title title fusion-title-2 fusion-sep-none fusion-title-center fusion-title-text fusion-title-size-two\" style=\"--awb-margin-top-small:10px;--awb-margin-right-small:0px;--awb-margin-bottom-small:10px;--awb-margin-left-small:0px;--awb-font-size:var(--awb-custom_typography_2-font-size);\"><h2 class=\"fusion-title-heading title-heading-center fusion-responsive-typography-calculated\" style=\"font-family:var(--awb-custom_typography_2-font-family);font-weight:var(--awb-custom_typography_2-font-weight);font-style:var(--awb-custom_typography_2-font-style);margin:0;letter-spacing:var(--awb-custom_typography_2-letter-spacing);text-transform:none;font-size:1em;--fontSize:36;line-height:var(--awb-custom_typography_2-line-height);\">4 &amp; 5 juillet 2026<\/h2><\/div><\/div><\/div><\/div><\/div><div class=\"fusion-fullwidth fullwidth-box fusion-builder-row-2 fusion-flex-container nonhundred-percent-fullwidth non-hundred-percent-height-scrolling\" style=\"--awb-border-radius-top-left:0px;--awb-border-radius-top-right:0px;--awb-border-radius-bottom-right:0px;--awb-border-radius-bottom-left:0px;--awb-margin-top:60px;--awb-flex-wrap:wrap;\" ><div class=\"fusion-builder-row fusion-row fusion-flex-align-items-flex-start fusion-flex-content-wrap\" style=\"max-width:1414.4px;margin-left: calc(-4% \/ 2 );margin-right: calc(-4% \/ 2 );\"><div class=\"fusion-layout-column fusion_builder_column fusion-builder-column-1 fusion_builder_column_1_2 1_2 fusion-flex-column\" style=\"--awb-bg-size:cover;--awb-width-large:50%;--awb-margin-top-large:0px;--awb-spacing-right-large:3.84%;--awb-margin-bottom-large:20px;--awb-spacing-left-large:3.84%;--awb-width-medium:50%;--awb-order-medium:0;--awb-spacing-right-medium:3.84%;--awb-spacing-left-medium:3.84%;--awb-width-small:100%;--awb-order-small:0;--awb-spacing-right-small:1.92%;--awb-spacing-left-small:1.92%;\"><div class=\"fusion-column-wrapper fusion-column-has-shadow fusion-flex-justify-content-flex-start fusion-content-layout-column\"><div class=\"fusion-title title fusion-title-3 fusion-sep-none fusion-title-text fusion-title-size-two\" style=\"--awb-margin-top:0px;--awb-margin-top-small:10px;--awb-margin-right-small:0px;--awb-margin-bottom-small:10px;--awb-margin-left-small:0px;--awb-font-size:36px;\"><h2 class=\"fusion-title-heading title-heading-left fusion-responsive-typography-calculated\" style=\"margin:0;text-transform:none;font-size:1em;--fontSize:36;line-height:var(--awb-typography1-line-height);\">Un weekend incontournable au Parc Aquasports !<\/h2><\/div><div class=\"fusion-text fusion-text-1\" style=\"--awb-margin-top:20px;\"><section class=\"NodeEdito-chapo chapo\">Le parc Aquasports vous ouvre ses portes le 4 &amp; 5 juillet 2026<\/section>\n<section><\/section>\n<\/div><div class=\"fusion-title title fusion-title-4 fusion-sep-none fusion-title-text fusion-title-size-three\" style=\"--awb-margin-top-small:10px;--awb-margin-right-small:0px;--awb-margin-bottom-small:10px;--awb-margin-left-small:0px;--awb-font-size:22px;\"><h3 class=\"fusion-title-heading title-heading-left fusion-responsive-typography-calculated\" style=\"margin:0;text-transform:none;font-size:1em;--fontSize:22;--minFontSize:22;line-height:1.4;\">Choisissez votre 1\/2 journ\u00e9e d&rsquo;activit\u00e9 !<\/h3><\/div><ul style=\"--awb-item-padding-top:3px;--awb-iconcolor:var(--awb-color5);--awb-line-height:30.6px;--awb-icon-width:30.6px;--awb-icon-height:30.6px;--awb-icon-margin:12.6px;--awb-content-margin:43.2px;\" class=\"fusion-checklist fusion-checklist-1 type-icons\"><li class=\"fusion-li-item\" style=\"\"><span class=\"icon-wrapper circle-no\"><i class=\"fusion-li-icon fa-angle-right fas\" aria-hidden=\"true\"><\/i><\/span><div class=\"fusion-li-item-content\">\n<p><span style=\"font-family: Archivo; font-weight: 500;\" data-fusion-font=\"true\" data-fusion-google-font=\"Archivo\" data-fusion-google-variant=\"500\">Samedi 4 juillet de 9H30 \u00e0 12H30 \/14H \u00e0 18H<\/span><\/p>\n<\/div><\/li><\/ul><div class=\"fusion-title title fusion-title-5 fusion-sep-none fusion-title-text fusion-title-size-three\" style=\"--awb-margin-top-small:10px;--awb-margin-right-small:0px;--awb-margin-bottom-small:10px;--awb-margin-left-small:0px;--awb-font-size:22px;\"><h3 class=\"fusion-title-heading title-heading-left fusion-responsive-typography-calculated\" style=\"margin:0;text-transform:none;font-size:1em;--fontSize:22;--minFontSize:22;line-height:1.4;\"><p>Pour les + de 8 ans, venez d\u00e9couvrir 3 activit\u00e9s de votre choix !<\/p>\n<p>Pour les &#8211; de 8 ans, pour 2\u20ac, un village de jeux gonflables sera mis en place ! (paiement sur place)<\/p><\/h3><\/div><div class=\"fusion-text fusion-text-2\" style=\"--awb-margin-top:20px;\"><p>Rafting, canyoning, tir \u00e0 l&rsquo;arc, stand up paddle, trottinettes \u00e9lectriques, &#8230; Il y en aura pour tous les go\u00fbts ! L&rsquo;occasion de venir s&rsquo;amuser en famille ou entre amis !<\/p>\n<\/div><div class=\"fusion-title title fusion-title-6 fusion-sep-none fusion-title-text fusion-title-size-three\" style=\"--awb-margin-top-small:10px;--awb-margin-right-small:0px;--awb-margin-bottom-small:10px;--awb-margin-left-small:0px;--awb-font-size:22px;\"><h3 class=\"fusion-title-heading title-heading-left fusion-responsive-typography-calculated\" style=\"margin:0;text-transform:none;font-size:1em;--fontSize:22;--minFontSize:22;line-height:1.4;\">Pour les &#8211; de 8 ans, pour 2\u20ac, un village de jeux gonflables sera mis en place ! (paiement sur place)<\/h3><\/div><div class=\"fusion-title title fusion-title-7 fusion-sep-none fusion-title-text fusion-title-size-two\" style=\"--awb-margin-top:0px;--awb-margin-top-small:10px;--awb-margin-right-small:0px;--awb-margin-bottom-small:10px;--awb-margin-left-small:0px;--awb-font-size:36px;\"><h2 class=\"fusion-title-heading title-heading-left fusion-responsive-typography-calculated\" style=\"margin:0;text-transform:none;font-size:1em;--fontSize:36;line-height:var(--awb-typography1-line-height);\">Informations pratiques :<\/h2><\/div><ul style=\"--awb-item-padding-top:3px;--awb-iconcolor:var(--awb-color5);--awb-line-height:30.6px;--awb-icon-width:30.6px;--awb-icon-height:30.6px;--awb-icon-margin:12.6px;--awb-content-margin:43.2px;\" class=\"fusion-checklist fusion-checklist-2 type-icons\"><li class=\"fusion-li-item\" style=\"\"><span class=\"icon-wrapper circle-no\"><i class=\"fusion-li-icon fa-edit far\" aria-hidden=\"true\"><\/i><\/span><div class=\"fusion-li-item-content\">\n<p><span style=\"font-family: Archivo; font-weight: 500;\" data-fusion-font=\"true\" data-fusion-google-font=\"Archivo\" data-fusion-google-variant=\"500\">Adaptez votre tenue \u00e0 une activit\u00e9 sportive et \u00e0 la m\u00e9t\u00e9o du moment !<\/span><\/p>\n<\/div><\/li><li class=\"fusion-li-item\" style=\"\"><span class=\"icon-wrapper circle-no\"><i class=\"fusion-li-icon fa-edit far\" aria-hidden=\"true\"><\/i><\/span><div class=\"fusion-li-item-content\">Pour les activit\u00e9s nautiques : savoir nager et porter des chaussures ferm\u00e9es de type \u00ab\u00a0baskets\u00a0\u00bb<br \/>\n(les sandalettes, crocs, m\u00e9duses&#8230; seront refus\u00e9es pour les activit\u00e9s nautiques)<\/div><\/li><li class=\"fusion-li-item\" style=\"\"><span class=\"icon-wrapper circle-no\"><i class=\"fusion-li-icon fa-edit far\" aria-hidden=\"true\"><\/i><\/span><div class=\"fusion-li-item-content\">\n<p><span style=\"font-family: Archivo; font-weight: 500;\" data-fusion-font=\"true\" data-fusion-google-font=\"Archivo\" data-fusion-google-variant=\"500\">Parking gratuit<\/span><\/p>\n<\/div><\/li><\/ul><div ><a class=\"fusion-button button-flat fusion-button-default-size button-custom fusion-button-default button-1 fusion-button-default-span fusion-button-default-type\" style=\"--awb-margin-top:35px;--awb-padding-top:18px;--awb-padding-right:30px;--awb-padding-bottom:18px;--awb-padding-left:30px;--button_accent_color:var(--awb-color1);--button_border_color:var(--awb-color4);--button_accent_hover_color:var(--awb-color8);--button_border_hover_color:var(--awb-color6);--button_border_width-top:1px;--button_border_width-right:1px;--button_border_width-bottom:1px;--button_border_width-left:1px;--button_gradient_top_color:var(--awb-color4);--button_gradient_bottom_color:var(--awb-color4);--button_gradient_top_color_hover:var(--awb-color1);--button_gradient_bottom_color_hover:var(--awb-color1);--button_text_transform:var(--awb-typography3-text-transform);--button_font_size:var(--awb-typography3-font-size);--button_line_height:var(--awb-typography3-line-height);--button_typography-letter-spacing:var(--awb-typography3-letter-spacing);--button_typography-font-family:var(--awb-typography3-font-family);--button_typography-font-weight:var(--awb-typography3-font-weight);--button_typography-font-style:var(--awb-typography3-font-style);\" target=\"_blank\" rel=\"noopener noreferrer\" href=\"https:\/\/www.funbooker.com\/fr\/annonce\/week-end-portes-ouvertes-au-parc-aquasports-a-pau-64\/voir\"><span class=\"fusion-button-text awb-button__text awb-button__text--default\">Votre ticket c&rsquo;est ici ! <\/span><i class=\"fa-hand-pointer far awb-button__icon awb-button__icon--default button-icon-right\" aria-hidden=\"true\"><\/i><\/a><\/div><\/div><\/div><div class=\"fusion-layout-column fusion_builder_column fusion-builder-column-2 awb-sticky awb-sticky-small awb-sticky-medium awb-sticky-large fusion_builder_column_1_2 1_2 fusion-flex-column fusion-flex-align-self-flex-start\" style=\"--awb-overflow:hidden;--awb-bg-size:cover;--awb-border-radius:12px 12px 12px 12px;--awb-width-large:50%;--awb-margin-top-large:0px;--awb-spacing-right-large:3.84%;--awb-margin-bottom-large:0px;--awb-spacing-left-large:3.84%;--awb-width-medium:50%;--awb-order-medium:0;--awb-spacing-right-medium:3.84%;--awb-spacing-left-medium:3.84%;--awb-width-small:100%;--awb-order-small:0;--awb-spacing-right-small:1.92%;--awb-spacing-left-small:1.92%;\"><div class=\"fusion-column-wrapper fusion-column-has-shadow fusion-flex-justify-content-flex-end fusion-content-layout-column\"><div class=\"fusion-image-element\" style=\"--awb-caption-title-font-family:var(--h2_typography-font-family);--awb-caption-title-font-weight:var(--h2_typography-font-weight);--awb-caption-title-font-style:var(--h2_typography-font-style);--awb-caption-title-size:var(--h2_typography-font-size);--awb-caption-title-transform:var(--h2_typography-text-transform);--awb-caption-title-line-height:var(--h2_typography-line-height);--awb-caption-title-letter-spacing:var(--h2_typography-letter-spacing);\"><span class=\"fusion-imageframe imageframe-none imageframe-1 hover-type-none\"><img decoding=\"async\" width=\"842\" height=\"1191\" alt=\"pauaquafest2026 re\u0301seaux\" title=\"pauaquafest2026 re\u0301seaux\" src=\"https:\/\/parcaquasports.fr\/wp-content\/uploads\/2026\/05\/pauaquafest2026_reseaux.jpg\" class=\"img-responsive wp-image-3555\" srcset=\"https:\/\/parcaquasports.fr\/wp-content\/uploads\/2026\/05\/pauaquafest2026_reseaux-200x283.jpg 200w, https:\/\/parcaquasports.fr\/wp-content\/uploads\/2026\/05\/pauaquafest2026_reseaux-400x566.jpg 400w, https:\/\/parcaquasports.fr\/wp-content\/uploads\/2026\/05\/pauaquafest2026_reseaux-600x849.jpg 600w, https:\/\/parcaquasports.fr\/wp-content\/uploads\/2026\/05\/pauaquafest2026_reseaux-800x1132.jpg 800w, https:\/\/parcaquasports.fr\/wp-content\/uploads\/2026\/05\/pauaquafest2026_reseaux.jpg 842w\" sizes=\"(max-width: 800px) 100vw, 800px\" \/><\/span><\/div><\/div><\/div><\/div><\/div><\/p>","protected":false},"excerpt":{"rendered":"","protected":false},"author":3,"featured_media":0,"parent":0,"menu_order":40,"comment_status":"closed","ping_status":"closed","template":"100-width.php","meta":{"_seopress_robots_primary_cat":"","_seopress_titles_title":"","_seopress_titles_desc":"","_seopress_robots_index":"","_seopress_analysis_target_kw":"","footnotes":""},"class_list":["post-3372","page","type-page","status-publish","hentry"],"_links":{"self":[{"href":"https:\/\/parcaquasports.fr\/en\/wp-json\/wp\/v2\/pages\/3372","targetHints":{"allow":["GET"]}}],"collection":[{"href":"https:\/\/parcaquasports.fr\/en\/wp-json\/wp\/v2\/pages"}],"about":[{"href":"https:\/\/parcaquasports.fr\/en\/wp-json\/wp\/v2\/types\/page"}],"author":[{"embeddable":true,"href":"https:\/\/parcaquasports.fr\/en\/wp-json\/wp\/v2\/users\/3"}],"replies":[{"embeddable":true,"href":"https:\/\/parcaquasports.fr\/en\/wp-json\/wp\/v2\/comments?post=3372"}],"version-history":[{"count":16,"href":"https:\/\/parcaquasports.fr\/en\/wp-json\/wp\/v2\/pages\/3372\/revisions"}],"predecessor-version":[{"id":3556,"href":"https:\/\/parcaquasports.fr\/en\/wp-json\/wp\/v2\/pages\/3372\/revisions\/3556"}],"wp:attachment":[{"href":"https:\/\/parcaquasports.fr\/en\/wp-json\/wp\/v2\/media?parent=3372"}],"curies":[{"name":"wp","href":"https:\/\/api.w.org\/{rel}","templated":true}]}}